{"id":26,"date":"2022-04-15T21:59:31","date_gmt":"2022-04-15T21:59:31","guid":{"rendered":"https:\/\/axesa.wadworkshop.net\/drnoelperez\/?page_id=26"},"modified":"2024-12-21T21:42:53","modified_gmt":"2024-12-21T21:42:53","slug":"gracias","status":"publish","type":"page","link":"https:\/\/drnoelperezsoto.com\/en\/gracias\/","title":{"rendered":"Gracias"},"content":{"rendered":"<div data-elementor-type=\"wp-page\" data-elementor-id=\"26\" class=\"elementor elementor-26\">\n\t\t\t\t\t\t<section class=\"elementor-section elementor-top-section elementor-element elementor-element-8d373cf elementor-section-boxed elementor-section-height-default elementor-section-height-default\" data-id=\"8d373cf\" data-element_type=\"section\" data-settings=\"{&quot;jet_parallax_layout_list&quot;:[],&quot;_ha_eqh_enable&quot;:false}\">\n\t\t\t\t\t\t<div class=\"elementor-container elementor-column-gap-default\">\n\t\t\t\t\t<div class=\"elementor-column elementor-col-100 elementor-top-column elementor-element elementor-element-343a73d\" data-id=\"343a73d\" data-element_type=\"column\">\n\t\t\t<div class=\"elementor-widget-wrap elementor-element-populated\">\n\t\t\t\t\t\t<div class=\"elementor-element elementor-element-b72f6e1 elementor-hidden-desktop elementor-hidden-tablet elementor-hidden-mobile elementor-widget elementor-widget-heading\" data-id=\"b72f6e1\" data-element_type=\"widget\" data-widget_type=\"heading.default\">\n\t\t\t\t<div class=\"elementor-widget-container\">\n\t\t\t<h2 class=\"elementor-heading-title elementor-size-default\">Thank you for contacting us, we will reply as soon as possible.<\/h2>\t\t<\/div>\n\t\t\t\t<\/div>\n\t\t\t\t<div class=\"elementor-element elementor-element-186d77e elementor-widget elementor-widget-heading\" data-id=\"186d77e\" data-element_type=\"widget\" data-widget_type=\"heading.default\">\n\t\t\t\t<div class=\"elementor-widget-container\">\n\t\t\t<h2 class=\"elementor-heading-title elementor-size-default\">Thank you for contacting us, we will reply as soon as possible.<\/h2>\t\t<\/div>\n\t\t\t\t<\/div>\n\t\t\t\t<div class=\"elementor-element elementor-element-dcafcd6 premium-mouse-detect-yes elementor-widget elementor-widget-premium-addon-button\" data-id=\"dcafcd6\" data-element_type=\"widget\" data-widget_type=\"premium-addon-button.default\">\n\t\t\t\t<div class=\"elementor-widget-container\">\n\t\t\t\n\n\t\t<a class=\"premium-button premium-button-style6 premium-btn-lg premium-button-style6\" href=\"https:\/\/drnoelperezsoto.com\/en\/\">\n\t\t\t<div class=\"premium-button-text-icon-wrapper\">\n\t\t\t\t\n\t\t\t\t\t\t\t\t\t<span >\n\t\t\t\t\t\tBack to Homepage\t\t\t\t\t<\/span>\n\t\t\t\t\n\t\t\t\t<!-- After Icon -->\n\t\t\t\t\t\t\t<\/div>\n\n\t\t\t\n\t\t\t\t\t\t\t<span class=\"premium-button-style6-bg\"><\/span>\n\t\t\t\n\t\t\t\n\t\t<\/a>\n\n\n\t\t\t\t<\/div>\n\t\t\t\t<\/div>\n\t\t\t\t\t<\/div>\n\t\t<\/div>\n\t\t\t\t\t<\/div>\n\t\t<\/section>\n\t\t\t\t<\/div>","protected":false},"excerpt":{"rendered":"<p>Thank you for contacting us, we will reply as soon as possible. Gracias por contactarnos, contestaremos lo antes posible. Volver al inicio<\/p>","protected":false},"author":3,"featured_media":0,"parent":0,"menu_order":0,"comment_status":"closed","ping_status":"closed","template":"elementor_header_footer","meta":{"_joinchat":[],"footnotes":""},"class_list":["post-26","page","type-page","status-publish","hentry"],"yoast_head":"<!-- This site is optimized with the Yoast SEO plugin v23.9 - https:\/\/yoast.com\/wordpress\/plugins\/seo\/ -->\n<title>Gracias - Dr. Noel Perez Soto, MD<\/title>\n<meta name=\"robots\" content=\"index, follow, max-snippet:-1, max-image-preview:large, max-video-preview:-1\" \/>\n<link rel=\"canonical\" href=\"https:\/\/drnoelperezsoto.com\/en\/gracias\/\" \/>\n<meta property=\"og:locale\" content=\"en_US\" \/>\n<meta property=\"og:type\" content=\"article\" \/>\n<meta property=\"og:title\" content=\"Gracias - Dr. Noel Perez Soto, MD\" \/>\n<meta property=\"og:description\" content=\"Thank you for contacting us, we will reply as soon as possible. Gracias por contactarnos, contestaremos lo antes posible. Volver al inicio\" \/>\n<meta property=\"og:url\" content=\"https:\/\/drnoelperezsoto.com\/en\/gracias\/\" \/>\n<meta property=\"og:site_name\" content=\"Dr. Noel Perez Soto, MD\" \/>\n<meta property=\"article:modified_time\" content=\"2024-12-21T21:42:53+00:00\" \/>\n<meta name=\"twitter:card\" content=\"summary_large_image\" \/>\n<meta name=\"twitter:label1\" content=\"Est. reading time\" \/>\n\t<meta name=\"twitter:data1\" content=\"1 minute\" \/>\n<script type=\"application\/ld+json\" class=\"yoast-schema-graph\">{\"@context\":\"https:\/\/schema.org\",\"@graph\":[{\"@type\":\"WebPage\",\"@id\":\"https:\/\/drnoelperezsoto.com\/gracias\/\",\"url\":\"https:\/\/drnoelperezsoto.com\/gracias\/\",\"name\":\"Gracias - Dr. Noel Perez Soto, MD\",\"isPartOf\":{\"@id\":\"https:\/\/drnoelperezsoto.com\/#website\"},\"datePublished\":\"2022-04-15T21:59:31+00:00\",\"dateModified\":\"2024-12-21T21:42:53+00:00\",\"breadcrumb\":{\"@id\":\"https:\/\/drnoelperezsoto.com\/gracias\/#breadcrumb\"},\"inLanguage\":\"en-US\",\"potentialAction\":[{\"@type\":\"ReadAction\",\"target\":[\"https:\/\/drnoelperezsoto.com\/gracias\/\"]}]},{\"@type\":\"BreadcrumbList\",\"@id\":\"https:\/\/drnoelperezsoto.com\/gracias\/#breadcrumb\",\"itemListElement\":[{\"@type\":\"ListItem\",\"position\":1,\"name\":\"Home\",\"item\":\"https:\/\/drnoelperezsoto.com\/\"},{\"@type\":\"ListItem\",\"position\":2,\"name\":\"Gracias\"}]},{\"@type\":\"WebSite\",\"@id\":\"https:\/\/drnoelperezsoto.com\/#website\",\"url\":\"https:\/\/drnoelperezsoto.com\/\",\"name\":\"Dr. Noel Perez Soto, MD\",\"description\":\"Oftalm\u00f3logo | Cirujano Pl\u00e1stico | Onc\u00f3logo Ocular | San Juan | PR\",\"publisher\":{\"@id\":\"https:\/\/drnoelperezsoto.com\/#organization\"},\"potentialAction\":[{\"@type\":\"SearchAction\",\"target\":{\"@type\":\"EntryPoint\",\"urlTemplate\":\"https:\/\/drnoelperezsoto.com\/?s={search_term_string}\"},\"query-input\":{\"@type\":\"PropertyValueSpecification\",\"valueRequired\":true,\"valueName\":\"search_term_string\"}}],\"inLanguage\":\"en-US\"},{\"@type\":\"Organization\",\"@id\":\"https:\/\/drnoelperezsoto.com\/#organization\",\"name\":\"Dr. Noel Perez Soto, MD\",\"url\":\"https:\/\/drnoelperezsoto.com\/\",\"logo\":{\"@type\":\"ImageObject\",\"inLanguage\":\"en-US\",\"@id\":\"https:\/\/drnoelperezsoto.com\/#\/schema\/logo\/image\/\",\"url\":\"https:\/\/wp-content-axesa-pr.s3.amazonaws.com\/wp-content\/uploads\/sites\/59\/2022\/04\/31005009\/brand.png\",\"contentUrl\":\"https:\/\/wp-content-axesa-pr.s3.amazonaws.com\/wp-content\/uploads\/sites\/59\/2022\/04\/31005009\/brand.png\",\"width\":322,\"height\":290,\"caption\":\"Dr. Noel Perez Soto, MD\"},\"image\":{\"@id\":\"https:\/\/drnoelperezsoto.com\/#\/schema\/logo\/image\/\"}}]}<\/script>\n<!-- \/ Yoast SEO plugin. -->","yoast_head_json":{"title":"Gracias - Dr. Noel Perez Soto, MD","robots":{"index":"index","follow":"follow","max-snippet":"max-snippet:-1","max-image-preview":"max-image-preview:large","max-video-preview":"max-video-preview:-1"},"canonical":"https:\/\/drnoelperezsoto.com\/en\/gracias\/","og_locale":"en_US","og_type":"article","og_title":"Gracias - Dr. Noel Perez Soto, MD","og_description":"Thank you for contacting us, we will reply as soon as possible. Gracias por contactarnos, contestaremos lo antes posible. Volver al inicio","og_url":"https:\/\/drnoelperezsoto.com\/en\/gracias\/","og_site_name":"Dr. Noel Perez Soto, MD","article_modified_time":"2024-12-21T21:42:53+00:00","twitter_card":"summary_large_image","twitter_misc":{"Est. reading time":"1 minute"},"schema":{"@context":"https:\/\/schema.org","@graph":[{"@type":"WebPage","@id":"https:\/\/drnoelperezsoto.com\/gracias\/","url":"https:\/\/drnoelperezsoto.com\/gracias\/","name":"Gracias - Dr. Noel Perez Soto, MD","isPartOf":{"@id":"https:\/\/drnoelperezsoto.com\/#website"},"datePublished":"2022-04-15T21:59:31+00:00","dateModified":"2024-12-21T21:42:53+00:00","breadcrumb":{"@id":"https:\/\/drnoelperezsoto.com\/gracias\/#breadcrumb"},"inLanguage":"en-US","potentialAction":[{"@type":"ReadAction","target":["https:\/\/drnoelperezsoto.com\/gracias\/"]}]},{"@type":"BreadcrumbList","@id":"https:\/\/drnoelperezsoto.com\/gracias\/#breadcrumb","itemListElement":[{"@type":"ListItem","position":1,"name":"Home","item":"https:\/\/drnoelperezsoto.com\/"},{"@type":"ListItem","position":2,"name":"Gracias"}]},{"@type":"WebSite","@id":"https:\/\/drnoelperezsoto.com\/#website","url":"https:\/\/drnoelperezsoto.com\/","name":"Dr. Noel Perez Soto, MD","description":"Oftalm\u00f3logo | Cirujano Pl\u00e1stico | Onc\u00f3logo Ocular | San Juan | PR","publisher":{"@id":"https:\/\/drnoelperezsoto.com\/#organization"},"potentialAction":[{"@type":"SearchAction","target":{"@type":"EntryPoint","urlTemplate":"https:\/\/drnoelperezsoto.com\/?s={search_term_string}"},"query-input":{"@type":"PropertyValueSpecification","valueRequired":true,"valueName":"search_term_string"}}],"inLanguage":"en-US"},{"@type":"Organization","@id":"https:\/\/drnoelperezsoto.com\/#organization","name":"Dr. Noel Perez Soto, MD","url":"https:\/\/drnoelperezsoto.com\/","logo":{"@type":"ImageObject","inLanguage":"en-US","@id":"https:\/\/drnoelperezsoto.com\/#\/schema\/logo\/image\/","url":"https:\/\/wp-content-axesa-pr.s3.amazonaws.com\/wp-content\/uploads\/sites\/59\/2022\/04\/31005009\/brand.png","contentUrl":"https:\/\/wp-content-axesa-pr.s3.amazonaws.com\/wp-content\/uploads\/sites\/59\/2022\/04\/31005009\/brand.png","width":322,"height":290,"caption":"Dr. Noel Perez Soto, MD"},"image":{"@id":"https:\/\/drnoelperezsoto.com\/#\/schema\/logo\/image\/"}}]}},"_links":{"self":[{"href":"https:\/\/drnoelperezsoto.com\/en\/wp-json\/wp\/v2\/pages\/26","targetHints":{"allow":["GET"]}}],"collection":[{"href":"https:\/\/drnoelperezsoto.com\/en\/wp-json\/wp\/v2\/pages"}],"about":[{"href":"https:\/\/drnoelperezsoto.com\/en\/wp-json\/wp\/v2\/types\/page"}],"author":[{"embeddable":true,"href":"https:\/\/drnoelperezsoto.com\/en\/wp-json\/wp\/v2\/users\/3"}],"replies":[{"embeddable":true,"href":"https:\/\/drnoelperezsoto.com\/en\/wp-json\/wp\/v2\/comments?post=26"}],"version-history":[{"count":16,"href":"https:\/\/drnoelperezsoto.com\/en\/wp-json\/wp\/v2\/pages\/26\/revisions"}],"predecessor-version":[{"id":418,"href":"https:\/\/drnoelperezsoto.com\/en\/wp-json\/wp\/v2\/pages\/26\/revisions\/418"}],"wp:attachment":[{"href":"https:\/\/drnoelperezsoto.com\/en\/wp-json\/wp\/v2\/media?parent=26"}],"curies":[{"name":"wp","href":"https:\/\/api.w.org\/{rel}","templated":true}]}}